{"id":315,"date":"2023-07-30T17:41:28","date_gmt":"2023-07-30T17:41:28","guid":{"rendered":"https:\/\/stb-grahmann.de\/?page_id=315"},"modified":"2025-11-13T17:53:13","modified_gmt":"2025-11-13T17:53:13","slug":"jobs","status":"publish","type":"page","link":"https:\/\/stb-grahmann.de\/?page_id=315","title":{"rendered":"Jobs"},"content":{"rendered":"\n<h2 class=\"wp-block-heading has-text-align-center has-vivid-cyan-blue-color has-text-color\" style=\"font-size:40px;text-transform:uppercase\">Top-Arbeitgeber in der Region<\/h2>\n\n\n\n<p class=\"has-text-align-center has-vivid-cyan-blue-color has-text-color has-medium-font-size\">Deine Karriere bei der Grahmann Steuerberatungsgesellschaft mbH<\/p>\n\n\n\n<p class=\"has-text-align-center\">Wir sind \u00fcberzeugt, dass jedes Teammitglied ein wichtiger Bestandteil unseres Unternehmens ist und die Anerkennung und die Wertsch\u00e4tzung bekommen muss, die es verdient.<\/p>\n\n\n\n<figure class=\"wp-block-image size-large\"><img decoding=\"async\" src=\"https:\/\/bianca-schmid.de\/wp-content\/uploads\/2023\/06\/BirgitToralf-1024x683.jpg\" alt=\"\" class=\"wp-image-332\" title=\"\"\/><\/figure>\n\n\n\n<p class=\"has-text-align-center has-medium-font-size\"><strong>Jetzt Kurzbewerbung abschicken!<\/strong><\/p>\n\n\n\n<p class=\"has-text-align-center has-medium-font-size\">Ohne Anschreiben und Lebenslauf \u2013 auch am Handy m\u00f6glich<\/p>\n\n\n\n<h2 class=\"wp-block-heading has-text-align-center has-white-color has-vivid-cyan-blue-background-color has-text-color has-background\" style=\"font-size:30px;text-transform:uppercase\">Deine Benefits<\/h2>\n\n\n\n<p class=\"has-text-align-center\">Vielen Menschen fehlt vor allem die Erf\u00fcllung im Job und die Wertsch\u00e4tzung Ihres Arbeitgebers.<\/p>\n\n\n\n<p class=\"has-text-align-center\">Es ist bekannt, dass Menschen besonders gerne bei uns arbeiten wollen, weil wir ihnen die&nbsp;Sicherheit, Erf\u00fcllung&nbsp;und&nbsp;Wertsch\u00e4tzung bieten, die sie verdienen!<\/p>\n\n\n\n<h2 class=\"wp-block-heading has-text-align-center has-vivid-cyan-blue-color has-text-color\" style=\"text-transform:uppercase\">14 GUTE GR\u00dcNDE<\/h2>\n\n\n\n<p class=\"has-text-align-center has-medium-font-size\">WARUM DU DIE ARBEIT BEI DER&nbsp;<mark style=\"background-color:rgba(0, 0, 0, 0)\" class=\"has-inline-color has-vivid-cyan-blue-color\">GRAHMANN STEUERBERATUNGSGESELLSCHAFT MBH<\/mark>&nbsp;LIEBEN WIRST<\/p>\n\n\n\n<div class=\"wp-block-columns is-layout-flex wp-container-core-columns-is-layout-9d6595d7 wp-block-columns-is-layout-flex\">\n<div class=\"wp-block-column is-layout-flow wp-block-column-is-layout-flow\">\n<div class=\"wp-block-columns is-layout-flex wp-container-core-columns-is-layout-9d6595d7 wp-block-columns-is-layout-flex\">\n<div class=\"wp-block-column is-layout-flow wp-block-column-is-layout-flow\">\n<p><strong>Bekomme die Anerkennung und Wertsch\u00e4tzung, die du verdienst<\/strong><\/p>\n\n\n\n<p>Jedes Teammitglied ist bei uns ein wichtiger Bestandteil unseres Teams und wird f\u00fcr seine Leistung belohnt und anerkannt.<\/p>\n\n\n\n<p><strong>Flexible Arbeitszeiten und Homeoffice<\/strong><\/p>\n\n\n\n<p>Du m\u00f6chtest mehr Flexibilit\u00e4t oder Freizeit? Bei uns hast du durch Gleitzeit und Homeoffice mehr Freizeit.<\/p>\n\n\n\n<p><strong>Herzliches, famili\u00e4res Arbeitsklima<\/strong><\/p>\n\n\n\n<p>Freue dich in Zukunft auf deine Arbeit, weil du dort von Menschen gesch\u00e4tzt und mit offenen Armen empfangen wirst.<\/p>\n\n\n\n<p><strong>T\u00e4glich leckerer Kaffee und Tee (kostenlos)<\/strong><\/p>\n\n\n\n<p>Dich erwartet hier t\u00e4glich ausgezeichneter Kaffee oder Tee f\u00fcr den besten Start in den Tag!<\/p>\n\n\n\n<p><strong>Gem\u00fctliches B\u00fcro in bester Lage<\/strong><\/p>\n\n\n\n<p>Bei uns erwartet dich ein modernes, helles und gem\u00fctliches B\u00fcro mit bester technischer Ausstattung. So f\u00fchlst du dich pudelwohl und bist produktiv.<\/p>\n\n\n\n<p><strong>\u00dcbernimm mehr Verantwortung und steige auf<\/strong><\/p>\n\n\n\n<p>Wir bieten dir die M\u00f6glichkeit durch Weiterbildung und gute Leistung aufzusteigen und mehr Verantwortung zu \u00fcbernehmen.<\/p>\n\n\n\n<p><strong>Eine Chefin, die ein offenen Ohr hat uns sich f\u00fcr deine Meinung interessiert<\/strong><\/p>\n\n\n\n<p>Endlich eine Gesch\u00e4ftsf\u00fchrung, die dich wertsch\u00e4tzt und immer ein offenes Ohr f\u00fcr deine Ideen oder W\u00fcnsche hat.<\/p>\n<\/div>\n\n\n\n<div class=\"wp-block-column is-layout-flow wp-block-column-is-layout-flow\">\n<p><strong>Faires und attraktives Gehalt<\/strong><\/p>\n\n\n\n<p>Gute Leistung muss belohnt werden! Bei uns wirst du f\u00fcr deinen Einsatz angemessen verg\u00fctet!<\/p>\n\n\n\n<p><strong>Exzellente Fort- und Weiterbildungsm\u00f6glichkeiten<\/strong><\/p>\n\n\n\n<p>Als wichtigen Teil unsere Teams unterst\u00fctzen wir dich bei deiner Fort- und Weiterbildung.<\/p>\n\n\n\n<p><strong>Parkpl\u00e4tze und gute Verkehrsanbindung<\/strong><\/p>\n\n\n\n<p>Wer m\u00f6chte schon t\u00e4glich im Stau stehen und Parkpl\u00e4tze suchen? Bei uns bist du mit Bus und Auto innerhalb kurzer Zeit im B\u00fcro.<\/p>\n\n\n\n<p><strong>Ausf\u00fchrliche Einarbeitung mit pers\u00f6nlichem Ansprechpartner<\/strong><\/p>\n\n\n\n<p>Damit du dich hier schnell einfindest, bekommst du eine strukturierte Einarbeitung und einen pers\u00f6nlichen Ansprechpartner.<\/p>\n\n\n\n<p><strong>Flexible Urlaubsgestaltung<\/strong><\/p>\n\n\n\n<p>Wir m\u00f6chten, dass du erholt und gl\u00fccklich bist! Deshalb kannst du dir bei uns deinen Urlaub flexibel einteilen.<\/p>\n\n\n\n<p><strong>Selbst\u00e4ndiges Arbeiten, ohne alleine gelassen zu werden<\/strong><\/p>\n\n\n\n<p>Bei uns kannst du dich und deine Arbeit eigenst\u00e4ndig organisieren und erh\u00e4ltst trotzdem immer Unterst\u00fctzung.<\/p>\n\n\n\n<p><strong>Vereinbarkeit von Beruf und Familie<\/strong><\/p>\n\n\n\n<p>In unserer Kanzlei unterst\u00fctzen wir dich, sodass du genug Zeit f\u00fcr deine Familie hast und trotzdem Karriere machen kannst.<\/p>\n<\/div>\n<\/div>\n<\/div>\n<\/div>\n\n\n\n<h2 class=\"wp-block-heading has-text-align-center has-vivid-cyan-blue-color has-text-color\">UND WAS UNTERSCHEIDET UNS VON DEN ANDEREN?<\/h2>\n\n\n\n<p><strong>Unsere Mitarbeiter sind Allrounder<\/strong><\/p>\n\n\n\n<p>Jeder erstellt Lohn- und Finanzbuchhaltungen, \u00dcberschussrechnungen, Jahresabschl\u00fcsse und Steuererkl\u00e4rungen. Je nach Neigung werden Schwerpunkte gesetzt. So bleibt der <mark style=\"background-color:rgba(0, 0, 0, 0)\" class=\"has-inline-color has-vivid-cyan-blue-color\">Arbeitsalltag vielf\u00e4ltig, bunt und alles andere als langweilig.<\/mark> Und je besser deine steuerrechtlichen Kenntnisse sind, umso bunter kannst du deine Arbeitswelt gestalten. Der Einsatz der g\u00e4ngigen DATEV-Programme sollte Dir gel\u00e4ufig sein.<\/p>\n\n\n\n<p><strong>Es geht pers\u00f6nlich zu<\/strong><\/p>\n\n\n\n<p>Bei 7 Mitarbeitern und einer Kanzleiinhaberin geht es im Alltag einfach pers\u00f6nlich zu. Anonymit\u00e4t und Gro\u00dfraumb\u00fcros suchst du hier vergeblich. Neben staufreier Anfahrt und Parkpl\u00e4tzen vor der T\u00fcre auch ein Vorteil, der f\u00fcr das Arbeiten in R\u00fcdesheim spricht.&nbsp;<mark style=\"background-color:rgba(0, 0, 0, 0)\" class=\"has-inline-color has-vivid-cyan-blue-color\">Die Pause im Garten verbringen \u2013 hier ist die Erholung vorprogrammiert.<\/mark><\/p>\n\n\n\n<p><strong>Dein Wissensdurst wird stets gef\u00f6rdert<\/strong><\/p>\n\n\n\n<p>Sei es durch regelm\u00e4\u00dfige Fortbildungsseminar oder durch die \u00dcbertragung neuer, anspruchsvoller Aufgaben. Individuelle Weiterbildungen und Lehrg\u00e4nge zu Fortbildungspr\u00fcfungen werden sowohl&nbsp;<mark style=\"background-color:rgba(0, 0, 0, 0)\" class=\"has-inline-color has-vivid-cyan-blue-color\">finanziell<\/mark>&nbsp;als auch durch&nbsp;<mark style=\"background-color:rgba(0, 0, 0, 0)\" class=\"has-inline-color has-vivid-cyan-blue-color\">Arbeitsfreistellung<\/mark> unterst\u00fctzt. Wir m\u00f6chten dir langfristige berufliche M\u00f6glichkeiten bieten \u2013 wenn du m\u00f6chtest bis zum&nbsp;<mark style=\"background-color:rgba(0, 0, 0, 0)\" class=\"has-inline-color has-vivid-cyan-blue-color\">Steuerberaterexamen<\/mark>.<\/p>\n\n\n\n<figure class=\"wp-block-image size-full is-resized\"><img decoding=\"async\" src=\"https:\/\/bianca-schmid.de\/wp-content\/uploads\/2023\/03\/2022-01.jpg\" alt=\"\" class=\"wp-image-236\" style=\"width:807px;height:537px\"\/><\/figure>\n\n\n\n<h2 class=\"wp-block-heading has-text-align-center has-vivid-cyan-blue-color has-text-color\">UND WELCHE VORTEILE HAT DEINE&nbsp;AUSBILDUNG&nbsp;BEI UNS?<\/h2>\n\n\n\n<p><strong>Hohe \u00dcbernahmechancen<\/strong><\/p>\n\n\n\n<p>Wir m\u00f6chten m\u00f6glichst jeden unserer Azubis nach der <mark style=\"background-color:rgba(0, 0, 0, 0)\" class=\"has-inline-color has-vivid-cyan-blue-color\">Ausbildung<\/mark> \u00fcbernehmen. Profitiere auch du von unserer&nbsp;<mark style=\"background-color:rgba(0, 0, 0, 0)\" class=\"has-inline-color has-vivid-cyan-blue-color\">hohen \u00dcbernahmequote<\/mark>.<\/p>\n\n\n\n<p><strong>Flexible Arbeitszeiten<\/strong><\/p>\n\n\n\n<p>F\u00fcr alle unserer Azubis gilt eine 40 Stunden Woche. Durch die&nbsp;<mark style=\"background-color:rgba(0, 0, 0, 0)\" class=\"has-inline-color has-vivid-cyan-blue-color\">Gleitzeit<\/mark>&nbsp;hast du die M\u00f6glichkeit deine Arbeitszeit mitzugestalten.<\/p>\n\n\n\n<p><strong>\u00dcber den Tellerrand hinausschauen<\/strong><\/p>\n\n\n\n<p>Uns ist wichtig, dass ihr optimal auf eure Karriere vorbereitet werdet. Wir bieten euch&nbsp;<mark style=\"background-color:rgba(0, 0, 0, 0)\" class=\"has-inline-color has-vivid-cyan-blue-color\">Crash Kurse<\/mark>&nbsp;f\u00fcr die Zwischen- und Abschlusspr\u00fcfung sowie diverse Seminare.<\/p>\n\n\n\n<h2 class=\"wp-block-heading has-text-align-center has-vivid-cyan-blue-color has-text-color\" style=\"text-transform:uppercase\">Dein neuer Arbeitsplatz<\/h2>\n\n\n\n<figure class=\"wp-block-gallery has-nested-images columns-default is-cropped wp-block-gallery-1 is-layout-flex wp-block-gallery-is-layout-flex\">\n<figure class=\"wp-block-image size-large\"><img decoding=\"async\" data-id=\"340\" src=\"https:\/\/bianca-schmid.de\/wp-content\/uploads\/2023\/06\/Social-Media-Birgit4-1024x683.jpg\" alt=\"\" class=\"wp-image-340\"\/><\/figure>\n\n\n\n<figure class=\"wp-block-image size-full\"><img loading=\"lazy\" decoding=\"async\" width=\"500\" height=\"333\" data-id=\"280\" src=\"http:\/\/stb-grahmann.de\/wp-content\/uploads\/2022\/08\/2022-51.jpg\" alt=\"\" class=\"wp-image-280\" srcset=\"https:\/\/stb-grahmann.de\/wp-content\/uploads\/2022\/08\/2022-51.jpg 500w, https:\/\/stb-grahmann.de\/wp-content\/uploads\/2022\/08\/2022-51-300x200.jpg 300w\" sizes=\"auto, (max-width: 500px) 100vw, 500px\" \/><\/figure>\n\n\n\n<figure class=\"wp-block-image size-large\"><img decoding=\"async\" data-id=\"364\" src=\"https:\/\/bianca-schmid.de\/wp-content\/uploads\/2023\/07\/03.png\" alt=\"\" class=\"wp-image-364\"\/><\/figure>\n\n\n\n<figure class=\"wp-block-image size-large\"><img decoding=\"async\" data-id=\"365\" src=\"https:\/\/bianca-schmid.de\/wp-content\/uploads\/2023\/07\/04.png\" alt=\"\" class=\"wp-image-365\"\/><\/figure>\n\n\n\n<figure class=\"wp-block-image size-large\"><img decoding=\"async\" data-id=\"366\" src=\"https:\/\/bianca-schmid.de\/wp-content\/uploads\/2023\/07\/05.png\" alt=\"\" class=\"wp-image-366\"\/><\/figure>\n\n\n\n<figure class=\"wp-block-image size-large\"><img decoding=\"async\" data-id=\"367\" src=\"https:\/\/bianca-schmid.de\/wp-content\/uploads\/2023\/07\/06.png\" alt=\"\" class=\"wp-image-367\"\/><\/figure>\n<\/figure>\n\n\n\n<h3 class=\"wp-block-heading has-text-align-center\">DU M\u00d6CHTEST TEIL UNSERES ENGAGIERTEN TEAMS WERDEN? DANN SCHICKE UNS&nbsp;<a href=\"https:\/\/stb-grahmann.de\/?p=339\">JETZT<\/a>&nbsp;DEINE KURZBEWERBUNG!<\/h3>\n\n\n\n<p class=\"has-text-align-center\">Ohne Anschreiben und Lebenslauf \u2013 auch am Handy m\u00f6glich<\/p>\n\n\n\n<h2 class=\"wp-block-heading has-text-align-center\">WIE KANNST&nbsp;<mark style=\"background-color:rgba(0, 0, 0, 0)\" class=\"has-inline-color has-vivid-cyan-blue-color\">DU<\/mark>&nbsp;TEIL UNSERES TEAMS WERDEN?<\/h2>\n\n\n\n<figure class=\"wp-block-table is-style-stripes\"><table class=\"has-fixed-layout\"><thead><tr><th><strong><mark style=\"background-color:rgba(0, 0, 0, 0)\" class=\"has-inline-color has-vivid-cyan-blue-color\">1<\/mark><\/strong><\/th><th><strong><mark style=\"background-color:rgba(0, 0, 0, 0)\" class=\"has-inline-color has-vivid-cyan-blue-color\">2<\/mark><\/strong><\/th><\/tr><\/thead><tbody><tr><td><strong>Gehe zu \u201eoffene Stellen\u201c<\/strong><\/td><td><strong>Schicke uns <a href=\"https:\/\/stb-grahmann.de\/?p=339\">jetzt<\/a> deine Kurzbewerbung<\/strong><\/td><\/tr><tr><td>Klicke auf die Stelle, die am besten zu dir passt.<\/td><td>Das ist innerhalb von zwei Minuten sogar am Handy m\u00f6glich. Anschreiben und Lebenslauf werden nicht ben\u00f6tigt.<\/td><\/tr><\/tbody><\/table><\/figure>\n\n\n\n<figure class=\"wp-block-table is-style-stripes\"><table class=\"has-fixed-layout\"><thead><tr><th><strong><mark style=\"background-color:rgba(0, 0, 0, 0)\" class=\"has-inline-color has-vivid-cyan-blue-color\">3<\/mark><\/strong><\/th><th><strong><mark style=\"background-color:rgba(0, 0, 0, 0)\" class=\"has-inline-color has-vivid-cyan-blue-color\">4<\/mark><\/strong><\/th><\/tr><\/thead><tbody><tr><td><strong>Wir rufen dich f\u00fcr ein kurzes Kennenlerngespr\u00e4ch<\/strong> <strong>an<\/strong><\/td><td><strong>Wenn alles passt, laden wir dich zum pers\u00f6nlichen Gespr\u00e4ch ein<\/strong><\/td><\/tr><tr><td>Wir melden und bei dir, um uns unverbindlich kennenzulernen. Nat\u00fcrlich 100 % diskret.<\/td><td>Vielleicht kannst du dich danach schon bald darauf freuen, Teil unseres Teams zu werden.<\/td><\/tr><\/tbody><\/table><\/figure>\n\n\n\n<p><\/p>\n\n\n\n<h2 class=\"wp-block-heading has-text-align-center has-vivid-cyan-blue-color has-text-color\" style=\"text-transform:uppercase\">offene Stellen<\/h2>\n\n\n<div class=\"wp-block-image\">\n<figure class=\"aligncenter size-full\"><img decoding=\"async\" src=\"https:\/\/bianca-schmid.de\/wp-content\/uploads\/2023\/06\/Job-search02.jpg\" alt=\"\" class=\"wp-image-339\"\/><\/figure>\n<\/div>\n\n\n<p><strong>Steuerfachangestellter\/ Steuerfachwirt\/ Bilanzbuchhalter (m\/w\/d) in digitaler DATEV Kanzlei<br><\/strong>R\u00fcdesheim am Rhein<\/p>\n\n\n\n<div class=\"wp-block-buttons is-layout-flex wp-block-buttons-is-layout-flex\">\n<div class=\"wp-block-button\"><a class=\"wp-block-button__link has-vivid-cyan-blue-background-color has-background wp-element-button\" href=\"https:\/\/stb-grahmann.de\/?p=339\">Kurzbewerbung absenden<\/a><\/div>\n<\/div>\n\n\n\n<p><\/p>\n\n\n\n<h2 class=\"wp-block-heading has-text-align-center has-vivid-cyan-blue-color has-text-color\" style=\"text-transform:uppercase\">Du hast noch Fragen?<\/h2>\n\n\n\n<p class=\"has-text-align-center\">Melde dich jetzt telefonisch oder per Mail bei deinem pers\u00f6nlichen Ansprechpartner. Dort bekommst Du schnelle Antworten auf deine Fragen.<\/p>\n\n\n<div class=\"wp-block-image\">\n<figure class=\"aligncenter size-full\"><img decoding=\"async\" src=\"https:\/\/bianca-schmid.de\/wp-content\/uploads\/2023\/06\/birgit02.jpg\" alt=\"\" class=\"wp-image-338\"\/><figcaption class=\"wp-element-caption\">Gesch\u00e4ftsf\u00fchrerin Birgit Grahmann<\/figcaption><\/figure>\n<\/div>\n\n\n<p class=\"has-text-align-center\">Deine pers\u00f6nliche Ansprechpartnerin unter 06722 91150 oder <a href=\"mailto:b.grahmann@stb-grahmann.de\">b.grahmann@stb-grahmann.de<\/a><\/p>\n","protected":false},"excerpt":{"rendered":"<p>Top-Arbeitgeber in der Region Deine Karriere bei der Grahmann Steuerberatungsgesellschaft mbH Wir sind \u00fcberzeugt, dass jedes Teammitglied ein wichtiger Bestandteil unseres Unternehmens ist und die Anerkennung und die Wertsch\u00e4tzung bekommen muss, die es verdient. Jetzt Kurzbewerbung abschicken! Ohne Anschreiben und Lebenslauf \u2013 auch am Handy m\u00f6glich Deine Benefits Vielen Menschen fehlt vor allem die Erf\u00fcllung [&hellip;]<\/p>\n","protected":false},"author":1,"featured_media":301,"parent":0,"menu_order":0,"comment_status":"closed","ping_status":"closed","template":"","meta":{"footnotes":""},"class_list":["post-315","page","type-page","status-publish","has-post-thumbnail","czr-hentry"],"_links":{"self":[{"href":"https:\/\/stb-grahmann.de\/index.php?rest_route=\/wp\/v2\/pages\/315","targetHints":{"allow":["GET"]}}],"collection":[{"href":"https:\/\/stb-grahmann.de\/index.php?rest_route=\/wp\/v2\/pages"}],"about":[{"href":"https:\/\/stb-grahmann.de\/index.php?rest_route=\/wp\/v2\/types\/page"}],"author":[{"embeddable":true,"href":"https:\/\/stb-grahmann.de\/index.php?rest_route=\/wp\/v2\/users\/1"}],"replies":[{"embeddable":true,"href":"https:\/\/stb-grahmann.de\/index.php?rest_route=%2Fwp%2Fv2%2Fcomments&post=315"}],"version-history":[{"count":10,"href":"https:\/\/stb-grahmann.de\/index.php?rest_route=\/wp\/v2\/pages\/315\/revisions"}],"predecessor-version":[{"id":387,"href":"https:\/\/stb-grahmann.de\/index.php?rest_route=\/wp\/v2\/pages\/315\/revisions\/387"}],"wp:featuredmedia":[{"embeddable":true,"href":"https:\/\/stb-grahmann.de\/index.php?rest_route=\/wp\/v2\/media\/301"}],"wp:attachment":[{"href":"https:\/\/stb-grahmann.de\/index.php?rest_route=%2Fwp%2Fv2%2Fmedia&parent=315"}],"curies":[{"name":"wp","href":"https:\/\/api.w.org\/{rel}","templated":true}]}}