{"id":63,"date":"2017-08-22T12:11:37","date_gmt":"2017-08-22T12:11:37","guid":{"rendered":"http:\/\/stb-grahmann.de\/?page_id=63"},"modified":"2022-08-26T07:57:00","modified_gmt":"2022-08-26T07:57:00","slug":"kontakt","status":"publish","type":"page","link":"https:\/\/stb-grahmann.de\/?page_id=63","title":{"rendered":"Kontakt"},"content":{"rendered":"<p><img loading=\"lazy\" decoding=\"async\" class=\"alignleft size-medium wp-image-272\" src=\"http:\/\/stb-grahmann.de\/wp-content\/uploads\/2022\/08\/2022-12-300x200.jpg\" alt=\"\" width=\"300\" height=\"200\" srcset=\"https:\/\/stb-grahmann.de\/wp-content\/uploads\/2022\/08\/2022-12-300x200.jpg 300w, https:\/\/stb-grahmann.de\/wp-content\/uploads\/2022\/08\/2022-12.jpg 500w\" sizes=\"auto, (max-width: 300px) 100vw, 300px\" \/>Unsere Kanzlei befindet sich im sch\u00f6nen Weinland Rheingau inmitten der Stadt R\u00fcdesheim am Rhein. Das B\u00fcrogeb\u00e4ude liegt in der Hugo-Asbach-Stra\u00dfe 51 und ist mit Auto und Bus sehr gut zu erreichen. Parkpl\u00e4tze stehen direkt vor dem Haus zur Verf\u00fcgung.<\/p>\n<p><strong>Anschrift:<\/strong><br \/>\nHugo-Asbach-Stra\u00dfe 51<br \/>\n65385 R\u00fcdesheim am Rhein<\/p>\n<p><strong>Kontakt:<\/strong><br \/>\nTelefon: 06722 \u2013 9115 \u2013 0<br \/>\nTelefax: 06722 \u2013 9115 \u2013 25<br \/>\nTelefax Lohnabteilung: 06722 \u2013 9115 \u2013 26<br \/>\nE-Mail: <a href=\"mailto:info@stb-grahmann.de\">info@stb-grahmann.de<\/a><\/p>\n<p><strong>\u00d6ffnungszeiten:<\/strong><br \/>\nMontag &#8211; Donnerstag: 07:30 \u2013 17:00 Uhr<br \/>\nFreitag: 07:30 \u2013 13:30 Uhr<br \/>\nTermine nur nach Vereinbarung<\/p>\n<p><strong>Anfahrt:<\/strong><br \/>\n<iframe loading=\"lazy\" style=\"border: 0;\" src=\"https:\/\/www.google.com\/maps\/embed?pb=!1m18!1m12!1m3!1d2565.447781835816!2d7.930437815559229!3d49.98421377941379!2m3!1f0!2f0!3f0!3m2!1i1024!2i768!4f13.1!3m3!1m2!1s0x417340eccb9a4853%3A0x6bf83537380c2e81!2sSteuerberatungskanzlei+Grahmann!5e0!3m2!1sde!2sde!4v1503403877620\" width=\"1200\" height=\"450\" frameborder=\"0\" allowfullscreen=\"allowfullscreen\"><\/iframe><\/p>\n","protected":false},"excerpt":{"rendered":"<p>Unsere Kanzlei befindet sich im sch\u00f6nen Weinland Rheingau inmitten der Stadt R\u00fcdesheim am Rhein. Das B\u00fcrogeb\u00e4ude liegt in der Hugo-Asbach-Stra\u00dfe 51 und ist mit Auto und Bus sehr gut zu erreichen. Parkpl\u00e4tze stehen direkt vor dem Haus zur Verf\u00fcgung. Anschrift: Hugo-Asbach-Stra\u00dfe 51 65385 R\u00fcdesheim am Rhein Kontakt: Telefon: 06722 \u2013 9115 \u2013 0 Telefax: 06722 [&hellip;]<\/p>\n","protected":false},"author":1,"featured_media":272,"parent":0,"menu_order":0,"comment_status":"closed","ping_status":"closed","template":"","meta":{"footnotes":""},"class_list":["post-63","page","type-page","status-publish","has-post-thumbnail","czr-hentry"],"_links":{"self":[{"href":"https:\/\/stb-grahmann.de\/index.php?rest_route=\/wp\/v2\/pages\/63","targetHints":{"allow":["GET"]}}],"collection":[{"href":"https:\/\/stb-grahmann.de\/index.php?rest_route=\/wp\/v2\/pages"}],"about":[{"href":"https:\/\/stb-grahmann.de\/index.php?rest_route=\/wp\/v2\/types\/page"}],"author":[{"embeddable":true,"href":"https:\/\/stb-grahmann.de\/index.php?rest_route=\/wp\/v2\/users\/1"}],"replies":[{"embeddable":true,"href":"https:\/\/stb-grahmann.de\/index.php?rest_route=%2Fwp%2Fv2%2Fcomments&post=63"}],"version-history":[{"count":24,"href":"https:\/\/stb-grahmann.de\/index.php?rest_route=\/wp\/v2\/pages\/63\/revisions"}],"predecessor-version":[{"id":288,"href":"https:\/\/stb-grahmann.de\/index.php?rest_route=\/wp\/v2\/pages\/63\/revisions\/288"}],"wp:featuredmedia":[{"embeddable":true,"href":"https:\/\/stb-grahmann.de\/index.php?rest_route=\/wp\/v2\/media\/272"}],"wp:attachment":[{"href":"https:\/\/stb-grahmann.de\/index.php?rest_route=%2Fwp%2Fv2%2Fmedia&parent=63"}],"curies":[{"name":"wp","href":"https:\/\/api.w.org\/{rel}","templated":true}]}}