{"id":83,"date":"2017-08-22T13:14:14","date_gmt":"2017-08-22T13:14:14","guid":{"rendered":"http:\/\/stb-grahmann.de\/?page_id=83"},"modified":"2017-08-23T14:21:40","modified_gmt":"2017-08-23T14:21:40","slug":"jahresabschluss","status":"publish","type":"page","link":"https:\/\/stb-grahmann.de\/?page_id=83","title":{"rendered":"Jahresabschluss"},"content":{"rendered":"<p>Wir stellen aufgrund der bei uns im Hause gefertigten Buchf\u00fchrung oder der von Ihnen gefertigten Buchf\u00fchrung (soweit eine entsprechende EDV- m\u00e4\u00dfige Anbindung an unsere Kanzlei besteht) Ihren Jahresabschluss.<br \/>\nDer Jahresabschluss ist an die Bed\u00fcrfnisse des Mandanten angepasst und individuell erstellt.<br \/>\nAuf Wunsch werden auch Branchenvergleiche durchgef\u00fchrt und der Jahresabschluss bez\u00fcglich der Anforderungen des \u00a7 18 KWG (Rating) \u00fcberpr\u00fcft.<br \/>\nHandelsbilanzen nach dem Bilanzrechtmodernisierungsgesetzes (BilMoG) werden durch uns ebenfalls erstellt. Diese k\u00f6nnen unter Umst\u00e4nden ein positiveres Ergebnis gegen\u00fcber der Steuerbilanz aufweisen und somit zur Vorlage bei Banken etc. hilfreich sein. <\/p>\n","protected":false},"excerpt":{"rendered":"<p>Wir stellen aufgrund der bei uns im Hause gefertigten Buchf\u00fchrung oder der von Ihnen gefertigten Buchf\u00fchrung (soweit eine entsprechende EDV- m\u00e4\u00dfige Anbindung an unsere Kanzlei besteht) Ihren Jahresabschluss. Der Jahresabschluss ist an die Bed\u00fcrfnisse des Mandanten angepasst und individuell erstellt. Auf Wunsch werden auch Branchenvergleiche durchgef\u00fchrt und der Jahresabschluss bez\u00fcglich der Anforderungen des \u00a7 18 [&hellip;]<\/p>\n","protected":false},"author":1,"featured_media":0,"parent":0,"menu_order":0,"comment_status":"closed","ping_status":"closed","template":"","meta":{"footnotes":""},"class_list":["post-83","page","type-page","status-publish","czr-hentry"],"_links":{"self":[{"href":"https:\/\/stb-grahmann.de\/index.php?rest_route=\/wp\/v2\/pages\/83","targetHints":{"allow":["GET"]}}],"collection":[{"href":"https:\/\/stb-grahmann.de\/index.php?rest_route=\/wp\/v2\/pages"}],"about":[{"href":"https:\/\/stb-grahmann.de\/index.php?rest_route=\/wp\/v2\/types\/page"}],"author":[{"embeddable":true,"href":"https:\/\/stb-grahmann.de\/index.php?rest_route=\/wp\/v2\/users\/1"}],"replies":[{"embeddable":true,"href":"https:\/\/stb-grahmann.de\/index.php?rest_route=%2Fwp%2Fv2%2Fcomments&post=83"}],"version-history":[{"count":3,"href":"https:\/\/stb-grahmann.de\/index.php?rest_route=\/wp\/v2\/pages\/83\/revisions"}],"predecessor-version":[{"id":143,"href":"https:\/\/stb-grahmann.de\/index.php?rest_route=\/wp\/v2\/pages\/83\/revisions\/143"}],"wp:attachment":[{"href":"https:\/\/stb-grahmann.de\/index.php?rest_route=%2Fwp%2Fv2%2Fmedia&parent=83"}],"curies":[{"name":"wp","href":"https:\/\/api.w.org\/{rel}","templated":true}]}}