{"id":89,"date":"2017-08-22T13:25:53","date_gmt":"2017-08-22T13:25:53","guid":{"rendered":"http:\/\/stb-grahmann.de\/?page_id=89"},"modified":"2022-08-25T11:37:08","modified_gmt":"2022-08-25T11:37:08","slug":"steuererklaerungen-steuerberatung","status":"publish","type":"page","link":"https:\/\/stb-grahmann.de\/?page_id=89","title":{"rendered":"Steuererkl\u00e4rungen \u2013 Steuerberatung"},"content":{"rendered":"<ul style=\"list-style-type: square;\">\n<li>Einkommensteuererkl\u00e4rung<\/li>\n<li>Umsatzsteuererkl\u00e4rung<\/li>\n<li>Gewerbesteuererkl\u00e4rung<\/li>\n<li>Schenkungssteuererkl\u00e4rung<\/li>\n<li>Erbschaftssteuererkl\u00e4rung<\/li>\n<li>K\u00f6rperschaftssteuererkl\u00e4rung<\/li>\n<li>Gesonderte und Einheitliche Feststellung<\/li>\n<li>Betreuung im Rahmen der Betriebspr\u00fcfung<\/li>\n<li>Steuergestaltung<\/li>\n<li>Umwandlungen von Unternehmen (Formwechsel, Einbringungen, etc.)<\/li>\n<li>Beratung zur Unternehmensnachfolge<\/li>\n<li>Vereinsbesteuerung<\/li>\n<li>Rentabilit\u00e4ts- und Liquidit\u00e4tsvorschau<\/li>\n<li>Existenzgr\u00fcndungen<\/li>\n<li>Grundsteuerreform<\/li>\n<\/ul>\n","protected":false},"excerpt":{"rendered":"<p>Einkommensteuererkl\u00e4rung Umsatzsteuererkl\u00e4rung Gewerbesteuererkl\u00e4rung Schenkungssteuererkl\u00e4rung Erbschaftssteuererkl\u00e4rung K\u00f6rperschaftssteuererkl\u00e4rung Gesonderte und Einheitliche Feststellung Betreuung im Rahmen der Betriebspr\u00fcfung Steuergestaltung Umwandlungen von Unternehmen (Formwechsel, Einbringungen, etc.) Beratung zur Unternehmensnachfolge Vereinsbesteuerung Rentabilit\u00e4ts- und Liquidit\u00e4tsvorschau Existenzgr\u00fcndungen Grundsteuerreform<\/p>\n","protected":false},"author":1,"featured_media":0,"parent":0,"menu_order":0,"comment_status":"closed","ping_status":"closed","template":"","meta":{"footnotes":""},"class_list":["post-89","page","type-page","status-publish","czr-hentry"],"_links":{"self":[{"href":"https:\/\/stb-grahmann.de\/index.php?rest_route=\/wp\/v2\/pages\/89","targetHints":{"allow":["GET"]}}],"collection":[{"href":"https:\/\/stb-grahmann.de\/index.php?rest_route=\/wp\/v2\/pages"}],"about":[{"href":"https:\/\/stb-grahmann.de\/index.php?rest_route=\/wp\/v2\/types\/page"}],"author":[{"embeddable":true,"href":"https:\/\/stb-grahmann.de\/index.php?rest_route=\/wp\/v2\/users\/1"}],"replies":[{"embeddable":true,"href":"https:\/\/stb-grahmann.de\/index.php?rest_route=%2Fwp%2Fv2%2Fcomments&post=89"}],"version-history":[{"count":4,"href":"https:\/\/stb-grahmann.de\/index.php?rest_route=\/wp\/v2\/pages\/89\/revisions"}],"predecessor-version":[{"id":269,"href":"https:\/\/stb-grahmann.de\/index.php?rest_route=\/wp\/v2\/pages\/89\/revisions\/269"}],"wp:attachment":[{"href":"https:\/\/stb-grahmann.de\/index.php?rest_route=%2Fwp%2Fv2%2Fmedia&parent=89"}],"curies":[{"name":"wp","href":"https:\/\/api.w.org\/{rel}","templated":true}]}}